{"id":7110189,"date":"2017-04-25T13:19:41","date_gmt":"2017-04-25T13:19:41","guid":{"rendered":"http:\/\/engage.veented.com\/gym\/?page_id=189"},"modified":"2022-01-08T19:40:36","modified_gmt":"2022-01-08T18:40:36","slug":"home-3","status":"publish","type":"page","link":"https:\/\/color-fonts-design.de\/","title":{"rendered":"Home"},"content":{"rendered":"<p>[vc_row][vc_column]<div id=\"hero-section-4421\" class=\"vntd-hero vntd-section hero-section hero-media-images arrow-nav-side color-scheme-white fullscreen-section fullwidth-section hero-parallax\"><div class=\"hero-container\" data-0=\"transform: translateY(0px);\" data-end=\"transform: translateY(-360px);\">\n\t\t<div class=\"hero-bg hero-bg-image\" style=\"background-image:url('https:\/\/color-fonts-design.de\/wp-content\/uploads\/2021\/10\/Startseite-scaled.jpg');\"><img decoding=\"async\" class=\"vntd-fake-image\" src=\"https:\/\/color-fonts-design.de\/wp-content\/uploads\/2021\/10\/Startseite-scaled.jpg\"><\/div><div id=\"bg-overlay-4421\" class=\"bg-overlay bg-overlay-dark40\"><\/div>\n\t\t<!-- Home Inner Details -->\n\t\t<div class=\"hero-inner hero-align-center container\" data-0=\"opacity:1;transform:translateY(0px);\" data--900-bottom=\"opacity:0;transform:translateY(-140px);\">\n\n\t\t\t\n\t\t\t<div class=\"hero-content vertical-align-middle\"><div class=\"hero-content-inner\">\n\n\t\t\t\t\t\t\t<p class=\"hero-top-heading\">Color Fonts und Design<\/p>\n\t\t\t\t\t\t\t\t<h1 class=\"hero-heading\">Farben, Schriften und Gestaltung<\/h1>\n\t\t\t\t\t\t\t\t<p class=\"hero-subtitle\">Der Mix aus diesen drei Komponenten l\u00e4sst einen Flyer, eine Einladung oder ein neues Logo entstehen was Ihrer Idee den richtigen Ausdruck verleiht.<\/p>\n\t\t\t\t\n\t\t\t<\/div><\/div>\n\n\t\t<\/div>\n\n\t\t<!-- End Content -->\n\n\t\t<div class=\"veented-slider-scroll-button-holder\"><a href=\"#second\" class=\"scroll veented-slider-scroll-button veented-scroll-after\"><span class=\"vntd-mouse-dot\"><\/span><\/a><\/div><\/div><\/div>[\/vc_column][\/vc_row][vc_row][vc_column][vc_empty_space height=&#8220;50px&#8220;][\/vc_column][vc_column][vc_column_text css_animation=&#8220;appear&#8220; font_size=&#8220;large&#8220; font_family=&#8220;additional&#8220;]<\/p>\n<p style=\"text-align: center;\">Wir m\u00f6chten Sie gerne bei Ihrer Idee und dessen Umsetzung unterst\u00fctzen. Ein neuer Flyer f\u00fcr ihre Veranstaltung, Eine Einladungskarte f\u00fcr Ihre Hochzeit, eine Infobrosch\u00fcre ihres Produkts oder ein ganz neues Corporate Design f\u00fcr ihr Unternehmen, all das bieten wir Ihnen.<\/p>\n<p style=\"text-align: center;\">Wenn es um Digitale oder Printmedien geht, dann sind Sie hier genau richtig!<\/p>\n<p>[\/vc_column_text][\/vc_column][\/vc_row][vc_row css=&#8220;.vc_custom_1495285734662{padding-top: 70px !important;padding-bottom: 40px !important;}&#8220;][vc_column width=&#8220;1\/3&#8243;]<div class=\"vntd-icon-box vntd-content-element box-centered-circle icon-size-medium box-centered\"><div class=\"icon-box-icon bg-color-accent\"><i class=\"fas fa-palette\"><\/i><\/div><div class=\"icon-box-content\"><h5 class=\"icon-box-title\">Individuell<\/h5><p class=\"icon-description\">Ihre W\u00fcnsche sind unser wichtigstes Anliegen. Mit unserer Erfahrung und kreativen Ideen bieten wir Ihnen eine Gestaltung nach Ihren Vorstellungen.<\/p><\/div><\/div>[\/vc_column][vc_column width=&#8220;1\/3&#8243;]<div class=\"vntd-icon-box vntd-content-element box-centered-circle icon-size-medium box-centered\"><div class=\"icon-box-icon bg-color-accent\"><i class=\"far fa-arrow-alt-circle-up\"><\/i><\/div><div class=\"icon-box-content\"><h5 class=\"icon-box-title\">Modern<\/h5><p class=\"icon-description\">Mithilfe neuster Software und aktuellen Standards k\u00f6nnen wir ihre Ideen in einem modernen Design umsetzen.<\/p><\/div><\/div>[\/vc_column][vc_column width=&#8220;1\/3&#8243;]<div class=\"vntd-icon-box vntd-content-element box-centered-circle icon-size-medium box-centered\"><div class=\"icon-box-icon bg-color-accent\"><i class=\"far fa-handshake\"><\/i><\/div><div class=\"icon-box-content\"><h5 class=\"icon-box-title\">Pers\u00f6nlich<\/h5><p class=\"icon-description\">Erst nach intensiven Gespr\u00e4chen k\u00f6nnen Ihre Ideen bestm\u00f6glich umgesetzt werden! Die pers\u00f6nliche und freundliche Beratung ist ein gro\u00dfes Anliegen von Color Fonts and Design.<\/p><\/div><\/div>[\/vc_column][\/vc_row][vc_row bg_color_pre=&#8220;bg-color-1&#8243; css=&#8220;.vc_custom_1509912161056{padding-top: 90px !important;padding-bottom: 80px !important;}&#8220;][vc_column][vc_custom_heading text=&#8220;Interessiert?&#8220; font_container=&#8220;tag:h2|font_size:42px|text_align:center&#8220; use_theme_fonts=&#8220;yes&#8220; css=&#8220;.vc_custom_1633424639378{margin-bottom: 45px !important;}&#8220;][vc_column_text css_animation=&#8220;fadeIn&#8220; font_size=&#8220;large&#8220; font_family=&#8220;additional&#8220;]Wenn Sie Interesse oder Unterst\u00fctzung bei Ihren Angelegenheiten haben, dann z\u00f6gern Sie nicht und nehmen mit uns Kontakt auf.[\/vc_column_text][\/vc_column][\/vc_row]<\/p>\n","protected":false},"excerpt":{"rendered":"<p>[vc_row][vc_column][\/vc_column][\/vc_row][vc_row][vc_column][vc_empty_space height=&#8220;50px&#8220;][\/vc_column][vc_column][vc_column_text css_animation=&#8220;appear&#8220; font_size=&#8220;large&#8220; font_family=&#8220;additional&#8220;] Wir m\u00f6chten Sie gerne bei Ihrer Idee und dessen Umsetzung unterst\u00fctzen. Ein neuer Flyer f\u00fcr ihre Veranstaltung, Eine Einladungskarte f\u00fcr Ihre Hochzeit, eine Infobrosch\u00fcre ihres Produkts oder ein ganz neues Corporate Design f\u00fcr ihr Unternehmen, all das bieten wir Ihnen. Wenn es um Digitale oder [&hellip;]<\/p>\n","protected":false},"author":1,"featured_media":0,"parent":0,"menu_order":0,"comment_status":"closed","ping_status":"closed","template":"","meta":{"footnotes":""},"class_list":["post-7110189","page","type-page","status-publish","hentry"],"yoast_head":"<!-- This site is optimized with the Yoast SEO plugin v19.6.1 - https:\/\/yoast.com\/wordpress\/plugins\/seo\/ -->\n<title>Home - Color-Fonts-Design<\/title>\n<meta name=\"robots\" content=\"index, follow, max-snippet:-1, max-image-preview:large, max-video-preview:-1\" \/>\n<link rel=\"canonical\" href=\"https:\/\/color-fonts-design.de\/\" \/>\n<meta property=\"og:locale\" content=\"de_DE\" \/>\n<meta property=\"og:type\" content=\"article\" \/>\n<meta property=\"og:title\" content=\"Home - Color-Fonts-Design\" \/>\n<meta property=\"og:description\" content=\"[vc_row][vc_column][\/vc_column][\/vc_row][vc_row][vc_column][vc_empty_space height=&#8220;50px&#8220;][\/vc_column][vc_column][vc_column_text css_animation=&#8220;appear&#8220; font_size=&#8220;large&#8220; font_family=&#8220;additional&#8220;] Wir m\u00f6chten Sie gerne bei Ihrer Idee und dessen Umsetzung unterst\u00fctzen. Ein neuer Flyer f\u00fcr ihre Veranstaltung, Eine Einladungskarte f\u00fcr Ihre Hochzeit, eine Infobrosch\u00fcre ihres Produkts oder ein ganz neues Corporate Design f\u00fcr ihr Unternehmen, all das bieten wir Ihnen. Wenn es um Digitale oder [&hellip;]\" \/>\n<meta property=\"og:url\" content=\"https:\/\/color-fonts-design.de\/\" \/>\n<meta property=\"og:site_name\" content=\"Color-Fonts-Design\" \/>\n<meta property=\"article:modified_time\" content=\"2022-01-08T18:40:36+00:00\" \/>\n<meta name=\"twitter:card\" content=\"summary_large_image\" \/>\n<meta name=\"twitter:label1\" content=\"Gesch\u00e4tzte Lesezeit\" \/>\n\t<meta name=\"twitter:data1\" content=\"2\u00a0Minuten\" \/>\n<script type=\"application\/ld+json\" class=\"yoast-schema-graph\">{\"@context\":\"https:\/\/schema.org\",\"@graph\":[{\"@type\":\"WebPage\",\"@id\":\"https:\/\/color-fonts-design.de\/\",\"url\":\"https:\/\/color-fonts-design.de\/\",\"name\":\"Home - Color-Fonts-Design\",\"isPartOf\":{\"@id\":\"https:\/\/color-fonts-design.de\/#website\"},\"datePublished\":\"2017-04-25T13:19:41+00:00\",\"dateModified\":\"2022-01-08T18:40:36+00:00\",\"breadcrumb\":{\"@id\":\"https:\/\/color-fonts-design.de\/#breadcrumb\"},\"inLanguage\":\"de\",\"potentialAction\":[{\"@type\":\"ReadAction\",\"target\":[\"https:\/\/color-fonts-design.de\/\"]}]},{\"@type\":\"BreadcrumbList\",\"@id\":\"https:\/\/color-fonts-design.de\/#breadcrumb\",\"itemListElement\":[{\"@type\":\"ListItem\",\"position\":1,\"name\":\"Startseite\",\"item\":\"https:\/\/color-fonts-design.de\/\"},{\"@type\":\"ListItem\",\"position\":2,\"name\":\"Home\"}]},{\"@type\":\"WebSite\",\"@id\":\"https:\/\/color-fonts-design.de\/#website\",\"url\":\"https:\/\/color-fonts-design.de\/\",\"name\":\"Color-Fonts-Design\",\"description\":\"Color-Fonts-Design\",\"potentialAction\":[{\"@type\":\"SearchAction\",\"target\":{\"@type\":\"EntryPoint\",\"urlTemplate\":\"https:\/\/color-fonts-design.de\/?s={search_term_string}\"},\"query-input\":\"required name=search_term_string\"}],\"inLanguage\":\"de\"}]}<\/script>\n<!-- \/ Yoast SEO plugin. -->","yoast_head_json":{"title":"Home - Color-Fonts-Design","robots":{"index":"index","follow":"follow","max-snippet":"max-snippet:-1","max-image-preview":"max-image-preview:large","max-video-preview":"max-video-preview:-1"},"canonical":"https:\/\/color-fonts-design.de\/","og_locale":"de_DE","og_type":"article","og_title":"Home - Color-Fonts-Design","og_description":"[vc_row][vc_column][\/vc_column][\/vc_row][vc_row][vc_column][vc_empty_space height=&#8220;50px&#8220;][\/vc_column][vc_column][vc_column_text css_animation=&#8220;appear&#8220; font_size=&#8220;large&#8220; font_family=&#8220;additional&#8220;] Wir m\u00f6chten Sie gerne bei Ihrer Idee und dessen Umsetzung unterst\u00fctzen. Ein neuer Flyer f\u00fcr ihre Veranstaltung, Eine Einladungskarte f\u00fcr Ihre Hochzeit, eine Infobrosch\u00fcre ihres Produkts oder ein ganz neues Corporate Design f\u00fcr ihr Unternehmen, all das bieten wir Ihnen. Wenn es um Digitale oder [&hellip;]","og_url":"https:\/\/color-fonts-design.de\/","og_site_name":"Color-Fonts-Design","article_modified_time":"2022-01-08T18:40:36+00:00","twitter_card":"summary_large_image","twitter_misc":{"Gesch\u00e4tzte Lesezeit":"2\u00a0Minuten"},"schema":{"@context":"https:\/\/schema.org","@graph":[{"@type":"WebPage","@id":"https:\/\/color-fonts-design.de\/","url":"https:\/\/color-fonts-design.de\/","name":"Home - Color-Fonts-Design","isPartOf":{"@id":"https:\/\/color-fonts-design.de\/#website"},"datePublished":"2017-04-25T13:19:41+00:00","dateModified":"2022-01-08T18:40:36+00:00","breadcrumb":{"@id":"https:\/\/color-fonts-design.de\/#breadcrumb"},"inLanguage":"de","potentialAction":[{"@type":"ReadAction","target":["https:\/\/color-fonts-design.de\/"]}]},{"@type":"BreadcrumbList","@id":"https:\/\/color-fonts-design.de\/#breadcrumb","itemListElement":[{"@type":"ListItem","position":1,"name":"Startseite","item":"https:\/\/color-fonts-design.de\/"},{"@type":"ListItem","position":2,"name":"Home"}]},{"@type":"WebSite","@id":"https:\/\/color-fonts-design.de\/#website","url":"https:\/\/color-fonts-design.de\/","name":"Color-Fonts-Design","description":"Color-Fonts-Design","potentialAction":[{"@type":"SearchAction","target":{"@type":"EntryPoint","urlTemplate":"https:\/\/color-fonts-design.de\/?s={search_term_string}"},"query-input":"required name=search_term_string"}],"inLanguage":"de"}]}},"_links":{"self":[{"href":"https:\/\/color-fonts-design.de\/index.php\/wp-json\/wp\/v2\/pages\/7110189","targetHints":{"allow":["GET"]}}],"collection":[{"href":"https:\/\/color-fonts-design.de\/index.php\/wp-json\/wp\/v2\/pages"}],"about":[{"href":"https:\/\/color-fonts-design.de\/index.php\/wp-json\/wp\/v2\/types\/page"}],"author":[{"embeddable":true,"href":"https:\/\/color-fonts-design.de\/index.php\/wp-json\/wp\/v2\/users\/1"}],"replies":[{"embeddable":true,"href":"https:\/\/color-fonts-design.de\/index.php\/wp-json\/wp\/v2\/comments?post=7110189"}],"version-history":[{"count":18,"href":"https:\/\/color-fonts-design.de\/index.php\/wp-json\/wp\/v2\/pages\/7110189\/revisions"}],"predecessor-version":[{"id":7110230,"href":"https:\/\/color-fonts-design.de\/index.php\/wp-json\/wp\/v2\/pages\/7110189\/revisions\/7110230"}],"wp:attachment":[{"href":"https:\/\/color-fonts-design.de\/index.php\/wp-json\/wp\/v2\/media?parent=7110189"}],"curies":[{"name":"wp","href":"https:\/\/api.w.org\/{rel}","templated":true}]}}